{"id":4038,"date":"2021-11-22T13:09:50","date_gmt":"2021-11-22T13:09:50","guid":{"rendered":"https:\/\/floridainlineskatingmarathon.com\/?page_id=4038"},"modified":"2025-10-14T15:51:54","modified_gmt":"2025-10-14T15:51:54","slug":"race-description","status":"publish","type":"page","link":"https:\/\/floridainlineskatingmarathon.com\/es\/race-description\/","title":{"rendered":"Descripci\u00f3n de la carrera"},"content":{"rendered":"<div data-elementor-type=\"wp-page\" data-elementor-id=\"4038\" class=\"elementor elementor-4038\">\n\t\t\t\t\t\t<section class=\"elementor-section elementor-top-section elementor-element elementor-element-f569df8 elementor-section-boxed elementor-section-height-default elementor-section-height-default\" data-id=\"f569df8\" data-element_type=\"section\" data-e-type=\"section\">\n\t\t\t\t\t\t<div class=\"elementor-container elementor-column-gap-extended\">\n\t\t\t\t\t<div class=\"elementor-column elementor-col-100 elementor-top-column elementor-element elementor-element-385784e sc_layouts_column_icons_position_left\" data-id=\"385784e\" data-element_type=\"column\" data-e-type=\"column\">\n\t\t\t<div class=\"elementor-widget-wrap elementor-element-populated\">\n\t\t\t\t\t\t<div class=\"elementor-element elementor-element-3065e3f elementor-widget elementor-widget-text-editor\" data-id=\"3065e3f\" data-element_type=\"widget\" data-e-type=\"widget\" data-widget_type=\"text-editor.default\">\n\t\t\t\t<div class=\"elementor-widget-container\">\n\t\t\t\t\t\t\t\t\t<p>The Florida Inline Skating Marathon\u2019s Inaugural event was launched by Founder\/President Mike Mason, and an impassioned ensemble of inline skaters, in October 2021. The FISM immediately became the largest skate race in Florida; and the second largest in the nation. The FISM is held at the World Class venue- Nathan Benderson Park, in the charming community of sunny Sarasota, Florida. A variety of race distances offer something for everyone, regardless of age or ability. Not since 2005 had the World Inline Cup (WIC) been represented in the USA, to which the FISM is proud to be an Associated Race. If you are returning, thank you for your past participation! If this is your first FISM, welcome! If you are considering racing, volunteering, or sponsoring the FISM, know that the Organizers will spare nothing, to provide the best possible experience for all.<\/p><p>Nuestra misi\u00f3n: El marat\u00f3n de patinaje en l\u00ednea de Florida elevar\u00e1 y mejorar\u00e1 la conciencia sobre el deporte del pat\u00edn y brindar\u00e1 competencia nacional e internacional a patinadores de todos los niveles.<\/p>\t\t\t\t\t\t\t\t<\/div>\n\t\t\t\t<\/div>\n\t\t\t\t\t<\/div>\n\t\t<\/div>\n\t\t\t\t\t<\/div>\n\t\t<\/section>\n\t\t\t\t<section class=\"elementor-section elementor-top-section elementor-element elementor-element-4733926 elementor-section-content-middle elementor-section-boxed elementor-section-height-default elementor-section-height-default\" data-id=\"4733926\" data-element_type=\"section\" data-e-type=\"section\">\n\t\t\t\t\t\t<div class=\"elementor-container elementor-column-gap-extended\">\n\t\t\t\t\t<div class=\"elementor-column elementor-col-100 elementor-top-column elementor-element elementor-element-fac9b58 sc_layouts_column_icons_position_left\" data-id=\"fac9b58\" data-element_type=\"column\" data-e-type=\"column\">\n\t\t\t<div class=\"elementor-widget-wrap elementor-element-populated\">\n\t\t\t\t\t\t<section class=\"elementor-section elementor-inner-section elementor-element elementor-element-3ff7690 elementor-section-content-middle elementor-section-boxed elementor-section-height-default elementor-section-height-default\" data-id=\"3ff7690\" data-element_type=\"section\" data-e-type=\"section\">\n\t\t\t\t\t\t<div class=\"elementor-container elementor-column-gap-extended\">\n\t\t\t\t\t<div class=\"elementor-column elementor-col-33 elementor-inner-column elementor-element elementor-element-58e5af3 sc_layouts_column_icons_position_left\" data-id=\"58e5af3\" data-element_type=\"column\" data-e-type=\"column\">\n\t\t\t<div class=\"elementor-widget-wrap elementor-element-populated\">\n\t\t\t\t\t\t<div class=\"elementor-element elementor-element-5700415 elementor-widget elementor-widget-text-editor\" data-id=\"5700415\" data-element_type=\"widget\" data-e-type=\"widget\" data-widget_type=\"text-editor.default\">\n\t\t\t\t<div class=\"elementor-widget-container\">\n\t\t\t\t\t\t\t\t\t<h5>Thank you to our major sponsors:<\/h5>\t\t\t\t\t\t\t\t<\/div>\n\t\t\t\t<\/div>\n\t\t\t\t\t<\/div>\n\t\t<\/div>\n\t\t\t\t<div class=\"elementor-column elementor-col-33 elementor-inner-column elementor-element elementor-element-dcbb297 sc_layouts_column_icons_position_left\" data-id=\"dcbb297\" data-element_type=\"column\" data-e-type=\"column\">\n\t\t\t<div class=\"elementor-widget-wrap elementor-element-populated\">\n\t\t\t\t\t\t<div class=\"elementor-element elementor-element-818fbe8 elementor-widget elementor-widget-image\" data-id=\"818fbe8\" data-element_type=\"widget\" data-e-type=\"widget\" data-widget_type=\"image.default\">\n\t\t\t\t<div class=\"elementor-widget-container\">\n\t\t\t\t\t\t\t\t\t\t\t\t\t\t\t<img fetchpriority=\"high\" decoding=\"async\" width=\"768\" height=\"432\" src=\"https:\/\/floridainlineskatingmarathon.com\/wp-content\/uploads\/2022\/08\/Sponsors_Bont-2-768x432.png\" class=\"attachment-medium_large size-medium_large wp-image-6613\" alt=\"\" srcset=\"https:\/\/floridainlineskatingmarathon.com\/wp-content\/uploads\/2022\/08\/Sponsors_Bont-2-768x432.png 768w, https:\/\/floridainlineskatingmarathon.com\/wp-content\/uploads\/2022\/08\/Sponsors_Bont-2-300x169.png 300w, https:\/\/floridainlineskatingmarathon.com\/wp-content\/uploads\/2022\/08\/Sponsors_Bont-2-1024x576.png 1024w, https:\/\/floridainlineskatingmarathon.com\/wp-content\/uploads\/2022\/08\/Sponsors_Bont-2-1536x864.png 1536w, https:\/\/floridainlineskatingmarathon.com\/wp-content\/uploads\/2022\/08\/Sponsors_Bont-2-18x10.png 18w, https:\/\/floridainlineskatingmarathon.com\/wp-content\/uploads\/2022\/08\/Sponsors_Bont-2-370x208.png 370w, https:\/\/floridainlineskatingmarathon.com\/wp-content\/uploads\/2022\/08\/Sponsors_Bont-2-745x419.png 745w, https:\/\/floridainlineskatingmarathon.com\/wp-content\/uploads\/2022\/08\/Sponsors_Bont-2-365x205.png 365w, https:\/\/floridainlineskatingmarathon.com\/wp-content\/uploads\/2022\/08\/Sponsors_Bont-2-740x416.png 740w, https:\/\/floridainlineskatingmarathon.com\/wp-content\/uploads\/2022\/08\/Sponsors_Bont-2-270x152.png 270w, https:\/\/floridainlineskatingmarathon.com\/wp-content\/uploads\/2022\/08\/Sponsors_Bont-2.png 1920w\" sizes=\"(max-width: 768px) 100vw, 768px\" \/>\t\t\t\t\t\t\t\t\t\t\t\t\t\t\t<\/div>\n\t\t\t\t<\/div>\n\t\t\t\t\t<\/div>\n\t\t<\/div>\n\t\t\t\t<div class=\"elementor-column elementor-col-33 elementor-inner-column elementor-element elementor-element-7471b2a sc_layouts_column_icons_position_left\" data-id=\"7471b2a\" data-element_type=\"column\" data-e-type=\"column\">\n\t\t\t<div class=\"elementor-widget-wrap elementor-element-populated\">\n\t\t\t\t\t\t<div class=\"elementor-element elementor-element-4f32730 elementor-widget elementor-widget-image\" data-id=\"4f32730\" data-element_type=\"widget\" data-e-type=\"widget\" data-widget_type=\"image.default\">\n\t\t\t\t<div class=\"elementor-widget-container\">\n\t\t\t\t\t\t\t\t\t\t\t\t\t\t\t<img decoding=\"async\" width=\"768\" height=\"432\" src=\"https:\/\/floridainlineskatingmarathon.com\/wp-content\/uploads\/2025\/10\/Sponsors_Shea-Stokes-768x432.png\" class=\"attachment-medium_large size-medium_large wp-image-8449\" alt=\"\" srcset=\"https:\/\/floridainlineskatingmarathon.com\/wp-content\/uploads\/2025\/10\/Sponsors_Shea-Stokes-768x432.png 768w, https:\/\/floridainlineskatingmarathon.com\/wp-content\/uploads\/2025\/10\/Sponsors_Shea-Stokes-300x169.png 300w, https:\/\/floridainlineskatingmarathon.com\/wp-content\/uploads\/2025\/10\/Sponsors_Shea-Stokes-1024x576.png 1024w, https:\/\/floridainlineskatingmarathon.com\/wp-content\/uploads\/2025\/10\/Sponsors_Shea-Stokes-1536x864.png 1536w, https:\/\/floridainlineskatingmarathon.com\/wp-content\/uploads\/2025\/10\/Sponsors_Shea-Stokes-2048x1152.png 2048w, https:\/\/floridainlineskatingmarathon.com\/wp-content\/uploads\/2025\/10\/Sponsors_Shea-Stokes-18x10.png 18w, https:\/\/floridainlineskatingmarathon.com\/wp-content\/uploads\/2025\/10\/Sponsors_Shea-Stokes-370x208.png 370w, https:\/\/floridainlineskatingmarathon.com\/wp-content\/uploads\/2025\/10\/Sponsors_Shea-Stokes-745x419.png 745w, https:\/\/floridainlineskatingmarathon.com\/wp-content\/uploads\/2025\/10\/Sponsors_Shea-Stokes-365x205.png 365w, https:\/\/floridainlineskatingmarathon.com\/wp-content\/uploads\/2025\/10\/Sponsors_Shea-Stokes-740x416.png 740w, https:\/\/floridainlineskatingmarathon.com\/wp-content\/uploads\/2025\/10\/Sponsors_Shea-Stokes-270x152.png 270w\" sizes=\"(max-width: 768px) 100vw, 768px\" \/>\t\t\t\t\t\t\t\t\t\t\t\t\t\t\t<\/div>\n\t\t\t\t<\/div>\n\t\t\t\t\t<\/div>\n\t\t<\/div>\n\t\t\t\t\t<\/div>\n\t\t<\/section>\n\t\t\t\t\t<\/div>\n\t\t<\/div>\n\t\t\t\t\t<\/div>\n\t\t<\/section>\n\t\t\t\t<\/div>","protected":false},"excerpt":{"rendered":"<p>The Florida Inline Skating Marathon\u2019s Inaugural event was launched by Founder\/President Mike Mason, and an impassioned ensemble of inline skaters, in October 2021. The FISM immediately became the largest skate race in Florida; and the second largest in the nation. The FISM is held at the World Class venue- Nathan Benderson Park,&hellip;<\/p>","protected":false},"author":1,"featured_media":0,"parent":0,"menu_order":0,"comment_status":"closed","ping_status":"closed","template":"","meta":{"inline_featured_image":false,"footnotes":""},"class_list":["post-4038","page","type-page","status-publish","hentry"],"_links":{"self":[{"href":"https:\/\/floridainlineskatingmarathon.com\/es\/wp-json\/wp\/v2\/pages\/4038","targetHints":{"allow":["GET"]}}],"collection":[{"href":"https:\/\/floridainlineskatingmarathon.com\/es\/wp-json\/wp\/v2\/pages"}],"about":[{"href":"https:\/\/floridainlineskatingmarathon.com\/es\/wp-json\/wp\/v2\/types\/page"}],"author":[{"embeddable":true,"href":"https:\/\/floridainlineskatingmarathon.com\/es\/wp-json\/wp\/v2\/users\/1"}],"replies":[{"embeddable":true,"href":"https:\/\/floridainlineskatingmarathon.com\/es\/wp-json\/wp\/v2\/comments?post=4038"}],"version-history":[{"count":53,"href":"https:\/\/floridainlineskatingmarathon.com\/es\/wp-json\/wp\/v2\/pages\/4038\/revisions"}],"predecessor-version":[{"id":8455,"href":"https:\/\/floridainlineskatingmarathon.com\/es\/wp-json\/wp\/v2\/pages\/4038\/revisions\/8455"}],"wp:attachment":[{"href":"https:\/\/floridainlineskatingmarathon.com\/es\/wp-json\/wp\/v2\/media?parent=4038"}],"curies":[{"name":"wp","href":"https:\/\/api.w.org\/{rel}","templated":true}]}}